{"id":26,"date":"2026-02-25T09:39:32","date_gmt":"2026-02-25T09:39:32","guid":{"rendered":"https:\/\/kayisteknoloji.com\/?page_id=26"},"modified":"2026-02-25T10:28:58","modified_gmt":"2026-02-25T10:28:58","slug":"guvenli-ve-akilli-altyapi-cozumleri","status":"publish","type":"page","link":"https:\/\/kayisteknoloji.com\/","title":{"rendered":"G\u00fcvenli Ve Ak\u0131ll\u0131 Altyap\u0131 \u00c7\u00f6z\u00fcmleri"},"content":{"rendered":"\n<p>Kayis Teknoloji, Zay\u0131f ak\u0131m ve elektronik altyap\u0131 sistemlerinde g\u00fcvenilir ve yenilik\u00e7i \u00e7\u00f6z\u00fcmler sunar <\/p>\n\n\n\n<div class=\"wp-block-buttons is-layout-flex wp-block-buttons-is-layout-flex\">\n<div class=\"wp-block-button\"><a class=\"wp-block-button__link wp-element-button\">TEKL\u0130F AL<\/a><\/div>\n<\/div>\n\n\n\n<h3 class=\"wp-block-heading\" id=\"we-re-a-studio-in-berlin-with-an-international-practice-in-architecture-urban-planning-and-interior-design-we-believe-in-sharing-knowledge-and-promoting-dialogue-to-increase-the-creative-potential-of-collaboration\" style=\"font-size:clamp(27.894px, 1.743rem + ((1vw - 3.2px) * 2.452), 48px);line-height:1.1\">H\u0130ZMETLER\u0130M\u0130Z<\/h3>\n\n\n\n<div class=\"wp-block-columns is-layout-flex wp-container-core-columns-is-layout-28f84493 wp-block-columns-is-layout-flex\">\n<div class=\"wp-block-column is-layout-flow wp-block-column-is-layout-flow\">\n<ul class=\"wp-block-list\">\n<li>Kamera Sistemleri<\/li>\n<\/ul>\n<\/div>\n\n\n\n<div class=\"wp-block-column is-layout-flow wp-block-column-is-layout-flow\"><\/div>\n\n\n\n<div class=\"wp-block-column is-layout-flow wp-block-column-is-layout-flow\"><\/div>\n<\/div>\n\n\n\n<ul class=\"wp-block-list\">\n<li>Yang\u0131n Alarm Sistemleri<\/li>\n<\/ul>\n\n\n\n<ul class=\"wp-block-list\">\n<li>Data&amp;Network Altyap\u0131s\u0131<\/li>\n<\/ul>\n\n\n\n<div class=\"wp-block-group alignfull has-global-padding is-content-justification-center is-layout-constrained wp-block-group-is-layout-constrained\" style=\"margin-top:0;margin-bottom:0\">\n<div style=\"height:var(--wp--preset--spacing--20)\" aria-hidden=\"true\" class=\"wp-block-spacer\"><\/div>\n\n\n\n<div style=\"height:var(--wp--preset--spacing--20)\" aria-hidden=\"true\" class=\"wp-block-spacer\"><\/div>\n<\/div>\n\n\n\n<h2 class=\"wp-block-heading\" id=\"we-re-a-studio-in-berlin-with-an-international-practice-in-architecture-urban-planning-and-interior-design-we-believe-in-sharing-knowledge-and-promoting-dialogue-to-increase-the-creative-potential-of-collaboration\" style=\"font-size:clamp(27.894px, 1.743rem + ((1vw - 3.2px) * 2.452), 48px);line-height:1.1\">NEDEN KAY\u0130S ?<\/h2>\n\n\n\n<p>*Profesyonel Ekip<\/p>\n\n\n\n<p>*Zaman\u0131nda Teslim<\/p>\n\n\n\n<p>*Kaliteli Ekipman<\/p>\n\n\n\n<p>*Teknik Destek G\u00fcvencesi<\/p>\n\n\n\n<div class=\"wp-block-columns alignfull has-text-color has-background is-layout-flex wp-container-core-columns-is-layout-28f84493 wp-block-columns-is-layout-flex\" style=\"color:#000000;background-color:#ffffff\">\n<div class=\"wp-block-column is-layout-flow wp-block-column-is-layout-flow\">\n<div class=\"wp-block-columns is-layout-flex wp-container-core-columns-is-layout-28f84493 wp-block-columns-is-layout-flex\">\n<div class=\"wp-block-column is-layout-flow wp-block-column-is-layout-flow\">\n<div class=\"wp-block-columns is-layout-flex wp-container-core-columns-is-layout-28f84493 wp-block-columns-is-layout-flex\">\n<div class=\"wp-block-column is-layout-flow wp-block-column-is-layout-flow\"><\/div>\n<\/div>\n<\/div>\n<\/div>\n<\/div>\n<\/div>\n\n\n\n<div class=\"wp-block-columns is-layout-flex wp-container-core-columns-is-layout-28f84493 wp-block-columns-is-layout-flex\">\n<div class=\"wp-block-column is-layout-flow wp-block-column-is-layout-flow\"><\/div>\n<\/div>\n\n\n<h5 style=\"text-align: left;\">B\u0130Z\u0130MLE \u0130LET\u0130\u015e\u0130ME GE\u00c7\u0130N<\/h5>\n<ul>\n<li style=\"text-align: left;\"><strong>ADRES:<\/strong> \u0130stanbul\/T\u00fcrkiye<\/li>\n<li style=\"text-align: left;\"><strong>TELEFON:<\/strong> 0 xxxx<\/li>\n<li style=\"text-align: left;\"><strong>E-POSTA:<\/strong>info@<\/li>\n<\/ul>","protected":false},"excerpt":{"rendered":"<p>Kayis Teknoloji, Zay\u0131f ak\u0131m ve elektronik altyap\u0131 sistemlerinde g\u00fcvenilir ve yenilik\u00e7i \u00e7\u00f6z\u00fcmler sunar H\u0130ZMETLER\u0130M\u0130Z NEDEN KAY\u0130S ? *Profesyonel Ekip *Zaman\u0131nda Teslim *Kaliteli Ekipman *Teknik Destek G\u00fcvencesi B\u0130Z\u0130MLE \u0130LET\u0130\u015e\u0130ME GE\u00c7\u0130N ADRES: \u0130stanbul\/T\u00fcrkiye TELEFON: 0 xxxx E-POSTA:info@<\/p>\n","protected":false},"author":1,"featured_media":0,"parent":0,"menu_order":0,"comment_status":"closed","ping_status":"closed","template":"","meta":{"om_disable_all_campaigns":false,"_monsterinsights_skip_tracking":false,"_monsterinsights_sitenote_active":false,"_monsterinsights_sitenote_note":"","_monsterinsights_sitenote_category":0,"footnotes":""},"class_list":["post-26","page","type-page","status-publish","hentry"],"aioseo_notices":[],"_links":{"self":[{"href":"https:\/\/kayisteknoloji.com\/index.php\/wp-json\/wp\/v2\/pages\/26","targetHints":{"allow":["GET"]}}],"collection":[{"href":"https:\/\/kayisteknoloji.com\/index.php\/wp-json\/wp\/v2\/pages"}],"about":[{"href":"https:\/\/kayisteknoloji.com\/index.php\/wp-json\/wp\/v2\/types\/page"}],"author":[{"embeddable":true,"href":"https:\/\/kayisteknoloji.com\/index.php\/wp-json\/wp\/v2\/users\/1"}],"replies":[{"embeddable":true,"href":"https:\/\/kayisteknoloji.com\/index.php\/wp-json\/wp\/v2\/comments?post=26"}],"version-history":[{"count":3,"href":"https:\/\/kayisteknoloji.com\/index.php\/wp-json\/wp\/v2\/pages\/26\/revisions"}],"predecessor-version":[{"id":37,"href":"https:\/\/kayisteknoloji.com\/index.php\/wp-json\/wp\/v2\/pages\/26\/revisions\/37"}],"wp:attachment":[{"href":"https:\/\/kayisteknoloji.com\/index.php\/wp-json\/wp\/v2\/media?parent=26"}],"curies":[{"name":"wp","href":"https:\/\/api.w.org\/{rel}","templated":true}]}}